{"id":135,"date":"2023-02-11T14:02:15","date_gmt":"2023-02-11T11:02:15","guid":{"rendered":"https:\/\/livecasinos77.com\/it\/?page_id=135"},"modified":"2023-02-12T13:17:55","modified_gmt":"2023-02-12T10:17:55","slug":"live-casino-netent","status":"publish","type":"page","link":"https:\/\/livecasinos77.com\/it\/live-casino-netent\/","title":{"rendered":"Live Casino NetEnt &#8211; Scoprite un mondo di incredibile intrattenimento"},"content":{"rendered":"<h2><!--td {border: 1px solid #cccccc;}br {mso-data-placement:same-cell;}-->Alcune informazioni importanti sullo sviluppatore di software NetEnt<\/h2>\n<p>Questo sviluppatore di software \u00e8 apparso molto tempo fa, quando i casin\u00f2 online hanno iniziato a operare nel 1996. NetEnt faceva parte di un&#8217;organizzazione pi\u00f9 grande chiamata AB Restaurang Rouletter e aperta da Bill Lindwall e Rolf Lundstrom. L&#8217;azienda ebbe un grande successo, cos\u00ec il figlio di Lindwall, Pontus, lanci\u00f2 la propria startup nel 2000. Si trattava di NetEnt.<\/p>\n<p>&nbsp;<\/p>\n<p>La sua azienda riusc\u00ec a ottenere l&#8217;approvazione per la prima volta nel 2005, e l&#8217;ente regolatore era la Malta Gaming Authority. Ci\u00f2 significa che i migliori casin\u00f2 NetEnt diventano piattaforme di gioco affidabili. Nel giro di cinque anni, la societ\u00e0 ottenne l&#8217;approvazione della Alderney Gambling Control Commission. In seguito \u00e8 apparso Gonzo`s Quest, noto come uno dei migliori prodotti NetEnt.<\/p>\n<p>&nbsp;<\/p>\n<p>Nel 2011, lo sviluppatore di software ha introdotto la sua prima applicazione mobile, seguita dai casin\u00f2 live NetEnt, apparsi nel 2013. Al giorno d&#8217;oggi, questo tipo di siti di gioco d&#8217;azzardo sono disponibili in diverse parti del mondo, tra cui Stati Uniti, Romania, Portogallo, Serbia, Bulgaria, Ucraina, Messico, Svezia, Russia, ecc.<\/p>\n<p>&nbsp;<\/p>\n<p>I migliori casin\u00f2 online NetEnt sono estremamente popolari perch\u00e9 offrono pi\u00f9 di 300 giochi meravigliosi, mentre l&#8217;azienda ha pi\u00f9 di mille dipendenti esperti in diverse parti del mondo. Grazie a questo, NetEnt \u00e8 uno dei fornitori di software di maggior successo sul mercato del gioco d&#8217;azzardo.<\/p>\n<p>&nbsp;<\/p>\n<h2>Quali sono i giochi NetEnt pi\u00f9 popolari?<\/h2>\n<p>&nbsp;<\/p>\n<p>In effetti, gli appassionati di giochi classici tendono a scegliere i casin\u00f2 live NetEnt per vivere un&#8217;esperienza reale. Oltre a Blackjack, Roulette e Baccarat, il fornitore di software offre la possibilit\u00e0 di giocare alle video slot netent e agli spettacoli di gioco dal vivo.<\/p>\n<p>Pi\u00f9 avanti in questo articolo, troverete facilmente un elenco dei giochi pi\u00f9 impressionanti creati da NetEnt.<\/p>\n<p>&nbsp;<\/p>\n<h3>Cos&#8217;\u00e8 la Roulette Live?<\/h3>\n<p>Questa \u00e8 stata l&#8217;intrattenimento preferito per decenni, inizialmente nei casino netent tradizionali e successivamente sui siti web di gioco d&#8217;azzardo. I giocatori amano questo gioco perch\u00e9 \u00e8 una combinazione dell&#8217;esperienza dei casino netent tradizionali con la pi\u00f9 recente tecnologia delle scommesse online.<\/p>\n<p>&nbsp;<\/p>\n<h3>Cos&#8217;\u00e8 il Blackjack Live?<\/h3>\n<p>Anche questo gioco \u00e8 disponibile sui siti web di gioco d&#8217;azzardo e di solito \u00e8 scelto dagli appassionati di giochi NetEnt di carte. Se decidete di giocare al Blackjack dal vivo, sarete sorpresi dalla variet\u00e0 delle sue varianti. Un&#8217;esperienza reale \u00e8 garantita anche grazie all&#8217;opzione del croupier dal vivo.<\/p>\n<p>&nbsp;<\/p>\n<h3>E il Baccarat Live?<\/h3>\n<p>Lo scopo di questo gioco \u00e8 indovinare la vincita dello scommettitore o del croupier. Questo gioco \u00e8 decisamente eccitante, quindi i migliori NetEnt casino lo hanno. La qualit\u00e0 del prodotto \u00e8 elevata, quindi si distingue dalla massa.<\/p>\n<p>&nbsp;<\/p>\n<h3>Cos&#8217;\u00e8 il Monopoly Live?<\/h3>\n<p>Con questo gioco, proverete il brivido del gioco dal vivo. Questo prodotto \u00e8 anche un modo piacevole per rilassarsi perch\u00e9 non \u00e8 difficile da giocare. Oltre a divertirsi, si ha la possibilit\u00e0 di vincere un sacco di soldi.<\/p>\n<p>&nbsp;<\/p>\n<h3>Che cos&#8217;\u00e8 Dream Catcher Live?<\/h3>\n<p>Questo gioco \u00e8 noto anche come gioco a premi in stile ruota. Questo intrattenimento vi aiuter\u00e0 a rilassarvi perch\u00e9 non dovrete elaborare una strategia per vincere. La qualit\u00e0 del gioco permette di sentirsi come in un vero casin\u00f2.<\/p>\n<p>&nbsp;<\/p>\n<h2>Offrono un bonus per i casin\u00f2 NetEnt?<\/h2>\n<p>Nella maggior parte dei casi, per scommettere nei migliori casin\u00f2 NetEnt \u00e8 necessario disporre di denaro reale, quindi dovrete trasferire dei fondi sul vostro conto.<\/p>\n<p>&nbsp;<\/p>\n<p>Tuttavia, c&#8217;\u00e8 un aspetto positivo: i siti di gioco d&#8217;azzardo di solito offrono ai loro clienti dei bonus. Ci\u00f2 significa che potrete beneficiare di un&#8217;offerta di benvenuto, e poi potrete accedere ad altri incentivi per i clienti esistenti. Vi verr\u00e0 offerto di ottenere giri gratuiti o monete, oppure il sito di gioco vi dar\u00e0 un bonus esclusivo.<\/p>\n<p>&nbsp;<\/p>\n<p>Se volete giocare ai giochi con croupier dal vivo senza rischi, dovreste scegliere uno dei migliori casin\u00f2 live NetEnt dall&#8217;elenco di questo articolo.<\/p>\n<p>&nbsp;<\/p>\n<h2>I giochi Live NetEnt hanno limiti di tavolo?<\/h2>\n<p>I limiti al tavolo sono una cosa comune per i giochi da tavolo dal vivo che si possono trovare nei migliori NetEnt casino. Nel caso di questi siti di gioco d&#8217;azzardo, vedrete una variet\u00e0 di tavoli, che coprono i livelli di tolleranza al rischio e gli stili di gioco dei clienti.<\/p>\n<p>&nbsp;<\/p>\n<p>Pertanto, potete scegliere un tavolo con piccole puntate, oppure potete scegliere di fare grandi puntate. Sta a voi decidere quale si adatta meglio al vostro budget. Se giocate spesso in uno dei migliori live NetEnt casino e siete riusciti ad accedere al segmento VIP, potrete utilizzare tavoli speciali. Questi tendono ad avere opzioni di scommessa pi\u00f9 elevate. In conclusione, i giochi con croupier dal vivo sono ideali sia per i giocatori esperti che per i principianti.<\/p>\n<p>&nbsp;<\/p>\n<h2>Che dire dei pi\u00f9 recenti NetEnt casino?<\/h2>\n<p>&nbsp;<\/p>\n<p>Molti dei principali siti web di gioco d&#8217;azzardo sono anche i nuovi casin\u00f2 NetEnt, ma si tiene conto dell&#8217;esperienza di quelli gi\u00e0 affermati. L&#8217;industria del gioco d&#8217;azzardo online \u00e8 in continuo sviluppo, quindi \u00e8 possibile trovare una variet\u00e0 di grandi reti apparse di recente. In questo modo, potrete accedere a giochi impressionanti di tutti i generi.<\/p>\n<p>&nbsp;<\/p>\n<h2>Compatibilit\u00e0 multipiattaforma dei migliori casin\u00f2 online NetEnt<\/h2>\n<p>&nbsp;<\/p>\n<p>NetEnt \u00e8 uno dei principali fornitori di software nel settore del gioco d&#8217;azzardo, quindi \u00e8 ovvio che i suoi giochi funzionino senza problemi su qualsiasi dispositivo. Il fatto \u00e8 che tutti i prodotti sono integrati con HTML5, che consente un&#8217;esperienza impeccabile. Di conseguenza, i giocatori non dovrebbero notare alcuna differenza tra la versione desktop e quella mobile, indipendentemente dal dispositivo utilizzato: Windows, iOS o Android.<\/p>\n<p>La qualit\u00e0 dei giochi sviluppati da questo fornitore di software si distingue dalla massa in termini di qualit\u00e0, temi e grafica. Anche i casin\u00f2 live NetEnt utilizzano la stessa grafica di alta qualit\u00e0 presente nei titoli per desktop, e sono stati ottimizzati per consentire ai giocatori di giocare facilmente con i dispositivi mobili.<\/p>\n<p>\u00c8 possibile accedere a un&#8217;ampia gamma di opzioni, tra cui giochi da tavolo, video slot e netent slot con jackpot progressivo. \u00c8 possibile giocare in qualsiasi momento, indipendentemente dal luogo in cui ci si trova.<\/p>\n<p>&nbsp;<\/p>\n<h2>\u00c8 uno sviluppatore di software con licenza?<\/h2>\n<p>L&#8217;azienda ha ottenuto credenziali eccezionali per quanto riguarda il gioco d&#8217;azzardo sicuro e responsabile. Il fornitore di software \u00e8 riuscito a ottenere licenze da alcune delle pi\u00f9 severe autorit\u00e0 di regolamentazione del gioco d&#8217;azzardo in tutto il mondo, tra cui la MGA e la UKGC. Inoltre, NetEnt ha ottenuto la certificazione eCOGRA, il che significa che i suoi prodotti sono stati esaminati per verificarne la casualit\u00e0 e l&#8217;equit\u00e0. Per questo motivo potete essere certi che tutti i risultati sono reali se giocate ai migliori casin\u00f2 online NetEnt.<\/p>\n<p>L&#8217;azienda si sottopone inoltre alle ispezioni non solo di iTech Labs, ma anche di Gaming Laboratories International e Technical Services Bureau. Questo fatto dimostra che il fornitore di software per casin\u00f2 online lavora duramente per soddisfare i loro requisiti per poter offrire i propri prodotti sul maggior numero possibile di mercati regolamentati.<\/p>\n<p>Lo sviluppatore ha anche creato degli strumenti per gli operatori, per aiutarli a migliorare la protezione dei clienti. Questi strumenti includono limiti di gioco, strumenti di autoesecuzione, velocit\u00e0 di gioco, controlli di realt\u00e0, ecc. In sintesi, i giocatori possono essere sicuri che i giochi a cui accedono nei casin\u00f2 dal vivo NetEnt sono equi. Allo stesso tempo, gli operatori non dubitano di avere a che fare con un fornitore di software affidabile.<\/p>\n<p>&nbsp;<\/p>\n<h2>Parole finali sui casin\u00f2 NetEnt<\/h2>\n<p>&nbsp;<\/p>\n<p>Lo sviluppatore offre un numero impressionante di prodotti, ognuno dei quali \u00e8 noto per le sue caratteristiche di alta qualit\u00e0, la grafica e le innovazioni. L&#8217;azienda ha fatto del suo meglio per diventare uno dei migliori fornitori di software del mondo, e ci \u00e8 riuscita.<\/p>\n<p>Ogni gioco di casin\u00f2 online creato da questo fornitore \u00e8 un pezzo all&#8217;avanguardia, e i giocatori possono anche essere sicuri che tutti i risultati sono veramente casuali. Il fatto \u00e8 che lo sviluppatore del software possiede licenze rilasciate da autorit\u00e0 ben note, come la UKGC. Non c&#8217;\u00e8 da stupirsi se numerosi giocatori di diverse parti del mondo preferiscono utilizzare i siti di gioco d&#8217;azzardo che utilizzano il software NetEnt.<\/p>\n<p>Allo stesso tempo, pu\u00f2 essere un po&#8217; difficile trovare il miglior casin\u00f2 NetEnt perch\u00e9 ci sono pi\u00f9 di 170 operatori. Per questo motivo vi invitiamo a utilizzare questo articolo. Qui potete trovare un elenco delle migliori piattaforme di gioco d&#8217;azzardo con giochi lanciati da questo fornitore.<\/p>\n<h2><b>FAQ<\/b><\/h2>\n<div class=\"box-100 faq-block\" itemscope itemtype=\"https:\/\/schema.org\/FAQPage\">\n<ul>\n<li class=\"faq closed box-shadow\" itemscope itemprop=\"mainEntity\" itemtype=\"https:\/\/schema.org\/Question\">\n<div class=\"question relative dark-background\" itemprop=\"name\">Quali bonus posso ottenere nei casin\u00f2 NetEnt?<img class=\"icon\" src=\"https:\/\/livecasinos77.com\/it\/wp-content\/themes\/mercury\/img\/open.svg\" alt=\"\"><\/div>\n<div class=\"answer\" itemscope itemprop=\"acceptedAnswer\" itemtype=\"https:\/\/schema.org\/Answer\">\n<p itemprop=\"text\">I diversi siti di gioco d'azzardo offrono bonus diversi, ma \u00e8 molto probabile che riceviate un bonus di benvenuto. Pu\u00f2 trattarsi di un match bonus o di giri gratis. Inoltre, di solito ci sono promozioni per i giocatori esistenti.<\/p>\n<\/div>\n<\/li>\n<li class=\"faq closed box-shadow\" itemscope itemprop=\"mainEntity\" itemtype=\"https:\/\/schema.org\/Question\">\n<div class=\"question relative dark-background\" itemprop=\"name\">Quale casin\u00f2 online NetEnt \u00e8 il migliore?<img class=\"icon\" src=\"https:\/\/livecasinos77.com\/it\/wp-content\/themes\/mercury\/img\/open.svg\" alt=\"\"><\/div>\n<div class=\"answer\" itemscope itemprop=\"acceptedAnswer\" itemtype=\"https:\/\/schema.org\/Answer\">\n<p itemprop=\"text\">Esistono molti siti di gioco d'azzardo, ma non tutti sono affidabili. Questo articolo contiene un elenco dei migliori casin\u00f2 online NetEnt, e dovreste scegliere uno qualsiasi di essi.<\/p>\n<\/div>\n<\/li>\n<li class=\"faq closed box-shadow\" itemscope itemprop=\"mainEntity\" itemtype=\"https:\/\/schema.org\/Question\">\n<div class=\"question relative dark-background\" itemprop=\"name\">Perch\u00e9 le piattaforme di casin\u00f2 dal vivo NetEnt sono cos\u00ec popolari?<img class=\"icon\" src=\"https:\/\/livecasinos77.com\/it\/wp-content\/themes\/mercury\/img\/open.svg\" alt=\"\"><\/div>\n<div class=\"answer\" itemscope itemprop=\"acceptedAnswer\" itemtype=\"https:\/\/schema.org\/Answer\">\n<p itemprop=\"text\">Tale popolarit\u00e0 si spiega con l'alta qualit\u00e0 dei giochi sviluppati da questo provider. Tutti i migliori casin\u00f2 online NetEnt garantiscono una meravigliosa esperienza di gioco, il che li rende estremamente attraenti.<\/p>\n<\/div>\n<\/li>\n<li class=\"faq closed box-shadow\" itemscope itemprop=\"mainEntity\" itemtype=\"https:\/\/schema.org\/Question\">\n<div class=\"question relative dark-background\" itemprop=\"name\">La mia esperienza nei casin\u00f2 NetEnt sar\u00e0 sicura?<img class=\"icon\" src=\"https:\/\/livecasinos77.com\/it\/wp-content\/themes\/mercury\/img\/open.svg\" alt=\"\"><\/div>\n<div class=\"answer\" itemscope itemprop=\"acceptedAnswer\" itemtype=\"https:\/\/schema.org\/Answer\">\n<p itemprop=\"text\">Potete essere certi di essere al sicuro quando giocate ai migliori casin\u00f2 NetEnt. Il fatto \u00e8 che lo sviluppatore \u00e8 approvato dalle autorit\u00e0 pi\u00f9 severe, come la MGA.<\/p>\n<\/div>\n<\/li>\n<li class=\"faq closed box-shadow\" itemscope itemprop=\"mainEntity\" itemtype=\"https:\/\/schema.org\/Question\">\n<div class=\"question relative dark-background\" itemprop=\"name\">\u00c8 possibile vincere denaro reale nei casin\u00f2 NetEnt?<img class=\"icon\" src=\"https:\/\/livecasinos77.com\/it\/wp-content\/themes\/mercury\/img\/open.svg\" alt=\"\"><\/div>\n<div class=\"answer\" itemscope itemprop=\"acceptedAnswer\" itemtype=\"https:\/\/schema.org\/Answer\">\n<p itemprop=\"text\">S\u00ec. Se si effettuano puntate con denaro reale, si ottengono premi reali. Basta scegliere un'opzione bancaria conveniente e iniziare a vincere in contanti.<\/p>\n<\/div>\n<\/li>\n<li class=\"faq closed box-shadow\" itemscope itemprop=\"mainEntity\" itemtype=\"https:\/\/schema.org\/Question\">\n<div class=\"question relative dark-background\" itemprop=\"name\">Posso accedere ai giochi NetEnt tramite un dispositivo mobile?<img class=\"icon\" src=\"https:\/\/livecasinos77.com\/it\/wp-content\/themes\/mercury\/img\/open.svg\" alt=\"\"><\/div>\n<div class=\"answer\" itemscope itemprop=\"acceptedAnswer\" itemtype=\"https:\/\/schema.org\/Answer\">\n<p itemprop=\"text\">S\u00ec. Tutti i giochi disponibili presso i casin\u00f2 online NetEnt Tutti i giochi disponibili nei casin\u00f2 online NetEnt sono ottimizzati per i dispositivi mobili, quindi potete effettuare puntate con l'aiuto del vostro iOS o Android.<\/p>\n<\/div>\n<\/li>\n<\/ul>\n<\/div>\n\n","protected":false},"excerpt":{"rendered":"<p>Alcune informazioni importanti sullo sviluppatore di software NetEnt Questo sviluppatore di software \u00e8 apparso molto tempo fa, quando i casin\u00f2 online hanno iniziato a operare nel 1996. NetEnt faceva parte di un&#8217;organizzazione pi\u00f9 grande chiamata AB Restaurang Rouletter e aperta da Bill Lindwall e Rolf Lundstrom. L&#8217;azienda ebbe un grande successo, cos\u00ec il figlio di [&hellip;]<\/p>\n","protected":false},"author":1,"featured_media":0,"parent":0,"menu_order":0,"comment_status":"closed","ping_status":"closed","template":"page-home.php","meta":[],"yoast_head":"<!-- This site is optimized with the Yoast SEO plugin v19.7.2 - https:\/\/yoast.com\/wordpress\/plugins\/seo\/ -->\n<title>I migliori casino NetEnt - Accedi a questi giochi impressionanti<\/title>\n<meta name=\"description\" content=\"Utilizzando i migliori casino NetEnt online, potrete godere di ogni singolo momento del vostro gioco preferito. Provate questa emozione con uno dei siti web offerti pi\u00f9 avanti.\" \/>\n<meta name=\"robots\" content=\"index, follow, max-snippet:-1, max-image-preview:large, max-video-preview:-1\" \/>\n<link rel=\"canonical\" href=\"https:\/\/livecasinos77.com\/it\/live-casino-netent\/\" \/>\n<meta property=\"og:locale\" content=\"it_IT\" \/>\n<meta property=\"og:type\" content=\"article\" \/>\n<meta property=\"og:title\" content=\"I migliori casino NetEnt - Accedi a questi giochi impressionanti\" \/>\n<meta property=\"og:description\" content=\"Utilizzando i migliori casino NetEnt online, potrete godere di ogni singolo momento del vostro gioco preferito. Provate questa emozione con uno dei siti web offerti pi\u00f9 avanti.\" \/>\n<meta property=\"og:url\" content=\"https:\/\/livecasinos77.com\/it\/live-casino-netent\/\" \/>\n<meta property=\"og:site_name\" content=\"IT\" \/>\n<meta property=\"article:modified_time\" content=\"2023-02-12T10:17:55+00:00\" \/>\n<meta name=\"twitter:card\" content=\"summary_large_image\" \/>\n<meta name=\"twitter:label1\" content=\"Tempo di lettura stimato\" \/>\n\t<meta name=\"twitter:data1\" content=\"8 minuti\" \/>\n<script type=\"application\/ld+json\" class=\"yoast-schema-graph\">{\"@context\":\"https:\/\/schema.org\",\"@graph\":[{\"@type\":\"WebPage\",\"@id\":\"https:\/\/livecasinos77.com\/it\/live-casino-netent\/\",\"url\":\"https:\/\/livecasinos77.com\/it\/live-casino-netent\/\",\"name\":\"I migliori casino NetEnt - Accedi a questi giochi impressionanti\",\"isPartOf\":{\"@id\":\"https:\/\/livecasinos77.com\/it\/#website\"},\"datePublished\":\"2023-02-11T11:02:15+00:00\",\"dateModified\":\"2023-02-12T10:17:55+00:00\",\"description\":\"Utilizzando i migliori casino NetEnt online, potrete godere di ogni singolo momento del vostro gioco preferito. Provate questa emozione con uno dei siti web offerti pi\u00f9 avanti.\",\"breadcrumb\":{\"@id\":\"https:\/\/livecasinos77.com\/it\/live-casino-netent\/#breadcrumb\"},\"inLanguage\":\"it-IT\",\"potentialAction\":[{\"@type\":\"ReadAction\",\"target\":[\"https:\/\/livecasinos77.com\/it\/live-casino-netent\/\"]}]},{\"@type\":\"BreadcrumbList\",\"@id\":\"https:\/\/livecasinos77.com\/it\/live-casino-netent\/#breadcrumb\",\"itemListElement\":[{\"@type\":\"ListItem\",\"position\":1,\"name\":\"Pagina principale\",\"item\":\"https:\/\/livecasinos77.com\/it\/\"},{\"@type\":\"ListItem\",\"position\":2,\"name\":\"Live Casino NetEnt &#8211; Scoprite un mondo di incredibile intrattenimento\"}]},{\"@type\":\"WebSite\",\"@id\":\"https:\/\/livecasinos77.com\/it\/#website\",\"url\":\"https:\/\/livecasinos77.com\/it\/\",\"name\":\"IT\",\"description\":\"\",\"potentialAction\":[{\"@type\":\"SearchAction\",\"target\":{\"@type\":\"EntryPoint\",\"urlTemplate\":\"https:\/\/livecasinos77.com\/it\/?s={search_term_string}\"},\"query-input\":\"required name=search_term_string\"}],\"inLanguage\":\"it-IT\"}]}<\/script>\n<!-- \/ Yoast SEO plugin. -->","yoast_head_json":{"title":"I migliori casino NetEnt - Accedi a questi giochi impressionanti","description":"Utilizzando i migliori casino NetEnt online, potrete godere di ogni singolo momento del vostro gioco preferito. Provate questa emozione con uno dei siti web offerti pi\u00f9 avanti.","robots":{"index":"index","follow":"follow","max-snippet":"max-snippet:-1","max-image-preview":"max-image-preview:large","max-video-preview":"max-video-preview:-1"},"canonical":"https:\/\/livecasinos77.com\/it\/live-casino-netent\/","og_locale":"it_IT","og_type":"article","og_title":"I migliori casino NetEnt - Accedi a questi giochi impressionanti","og_description":"Utilizzando i migliori casino NetEnt online, potrete godere di ogni singolo momento del vostro gioco preferito. Provate questa emozione con uno dei siti web offerti pi\u00f9 avanti.","og_url":"https:\/\/livecasinos77.com\/it\/live-casino-netent\/","og_site_name":"IT","article_modified_time":"2023-02-12T10:17:55+00:00","twitter_card":"summary_large_image","twitter_misc":{"Tempo di lettura stimato":"8 minuti"},"schema":{"@context":"https:\/\/schema.org","@graph":[{"@type":"WebPage","@id":"https:\/\/livecasinos77.com\/it\/live-casino-netent\/","url":"https:\/\/livecasinos77.com\/it\/live-casino-netent\/","name":"I migliori casino NetEnt - Accedi a questi giochi impressionanti","isPartOf":{"@id":"https:\/\/livecasinos77.com\/it\/#website"},"datePublished":"2023-02-11T11:02:15+00:00","dateModified":"2023-02-12T10:17:55+00:00","description":"Utilizzando i migliori casino NetEnt online, potrete godere di ogni singolo momento del vostro gioco preferito. Provate questa emozione con uno dei siti web offerti pi\u00f9 avanti.","breadcrumb":{"@id":"https:\/\/livecasinos77.com\/it\/live-casino-netent\/#breadcrumb"},"inLanguage":"it-IT","potentialAction":[{"@type":"ReadAction","target":["https:\/\/livecasinos77.com\/it\/live-casino-netent\/"]}]},{"@type":"BreadcrumbList","@id":"https:\/\/livecasinos77.com\/it\/live-casino-netent\/#breadcrumb","itemListElement":[{"@type":"ListItem","position":1,"name":"Pagina principale","item":"https:\/\/livecasinos77.com\/it\/"},{"@type":"ListItem","position":2,"name":"Live Casino NetEnt &#8211; Scoprite un mondo di incredibile intrattenimento"}]},{"@type":"WebSite","@id":"https:\/\/livecasinos77.com\/it\/#website","url":"https:\/\/livecasinos77.com\/it\/","name":"IT","description":"","potentialAction":[{"@type":"SearchAction","target":{"@type":"EntryPoint","urlTemplate":"https:\/\/livecasinos77.com\/it\/?s={search_term_string}"},"query-input":"required name=search_term_string"}],"inLanguage":"it-IT"}]}},"_links":{"self":[{"href":"https:\/\/livecasinos77.com\/it\/wp-json\/wp\/v2\/pages\/135"}],"collection":[{"href":"https:\/\/livecasinos77.com\/it\/wp-json\/wp\/v2\/pages"}],"about":[{"href":"https:\/\/livecasinos77.com\/it\/wp-json\/wp\/v2\/types\/page"}],"author":[{"embeddable":true,"href":"https:\/\/livecasinos77.com\/it\/wp-json\/wp\/v2\/users\/1"}],"replies":[{"embeddable":true,"href":"https:\/\/livecasinos77.com\/it\/wp-json\/wp\/v2\/comments?post=135"}],"version-history":[{"count":0,"href":"https:\/\/livecasinos77.com\/it\/wp-json\/wp\/v2\/pages\/135\/revisions"}],"wp:attachment":[{"href":"https:\/\/livecasinos77.com\/it\/wp-json\/wp\/v2\/media?parent=135"}],"curies":[{"name":"wp","href":"https:\/\/api.w.org\/{rel}","templated":true}]}}